{"id":9563,"date":"2020-04-27T13:09:15","date_gmt":"2020-04-27T13:09:15","guid":{"rendered":"https:\/\/staging.oeklo.at\/produkt\/oeklodusche\/"},"modified":"2021-01-22T18:10:04","modified_gmt":"2021-01-22T18:10:04","slug":"oeklo-shower","status":"publish","type":"product","link":"https:\/\/legacy.oeklo.at\/en\/product\/oeklo-shower","title":{"rendered":"\u00f6Klo Shower"},"content":{"rendered":"","protected":false},"excerpt":{"rendered":"<h2>\u00f6Klo Dusche<\/h2>\n<p>Die \u00f6Klo Dusche f\u00fcr allgegenw\u00e4rtige Sauberkeit<br \/>\nAn keinem Ort mehr schmutzig f\u00fchlen.<br \/>\nAuch Hei\u00dfduscher kommen bei uns auf ihre Kosten: bis zu 80 Grad hat unsere Dusche auf Lager.<\/p>\n<p>Unsere stabile ?To Go? Dusche kann einerseits mit einem Wasseranschluss angebunden werden, kommt aber dank Wassertanks auch lange genug ohne aus ? ein Kanalanschluss ist dabei auch nicht n\u00f6tig.<br \/>\nIdeal f\u00fcr das Gartenhaus, Campingpl\u00e4tze, Sportpl\u00e4tze, und wo auch immer sonst Sie nach erfrischenden Erlebnissen unter freiem Himmel streben.<\/p>\n<h3>der \u00f6Klo Dusche in Bildern:<\/h3>\n<p>&nbsp;<\/p>\n<ul>\n<li>Durchlauferhitzer 16A ? mit Eco-Modus (40 Grad Wasser)<\/li>\n<li>80 Grad im Power-Modus<\/li>\n<li>an die Kanalisation anschlie\u00dfbar oder auch mit Tanks m\u00f6glich<\/li>\n<li>komplett Wasserdicht<\/li>\n<li>Abwasser wird aufgefangen und kann abgeleitet werden<\/li>\n<li>von innen einfach absperrbarBewegung durch Stapler oder manuell mit vier Personen<\/li>\n<li>Kein Strom, nur Solarenergie<\/li>\n<li>Hart, wetterfest &amp; total stabil<\/li>\n<li>Weltweit einsetzbar, ohne Verschmutzung<\/li>\n<li>Leichte &amp; sehr gute Reinigung<\/li>\n<li>Leichter Transport &amp; einfacher Bau<\/li>\n<li>Nachhaltig &amp; ohne Chemie<\/li>\n<li>Echtes Holz aus \u00d6sterreich<\/li>\n<\/ul>\n<p>&nbsp;<\/p>\n","protected":false},"featured_media":26989,"template":"","meta":[],"product_cat":[147,377,145],"product_tag":[244],"_links":{"self":[{"href":"https:\/\/legacy.oeklo.at\/en\/wp-json\/wp\/v2\/product\/9563"}],"collection":[{"href":"https:\/\/legacy.oeklo.at\/en\/wp-json\/wp\/v2\/product"}],"about":[{"href":"https:\/\/legacy.oeklo.at\/en\/wp-json\/wp\/v2\/types\/product"}],"version-history":[{"count":0,"href":"https:\/\/legacy.oeklo.at\/en\/wp-json\/wp\/v2\/product\/9563\/revisions"}],"wp:featuredmedia":[{"embeddable":true,"href":"https:\/\/legacy.oeklo.at\/en\/wp-json\/wp\/v2\/media\/26989"}],"wp:attachment":[{"href":"https:\/\/legacy.oeklo.at\/en\/wp-json\/wp\/v2\/media?parent=9563"}],"wp:term":[{"taxonomy":"product_cat","embeddable":true,"href":"https:\/\/legacy.oeklo.at\/en\/wp-json\/wp\/v2\/product_cat?post=9563"},{"taxonomy":"product_tag","embeddable":true,"href":"https:\/\/legacy.oeklo.at\/en\/wp-json\/wp\/v2\/product_tag?post=9563"}],"curies":[{"name":"wp","href":"https:\/\/api.w.org\/{rel}","templated":true}]}}