{"id":9573,"date":"2020-04-27T13:09:13","date_gmt":"2020-04-27T13:09:13","guid":{"rendered":"https:\/\/staging.oeklo.at\/produkt\/oeklolulidu\/"},"modified":"2021-01-22T18:11:52","modified_gmt":"2021-01-22T18:11:52","slug":"oeklo-lulidu","status":"publish","type":"product","link":"https:\/\/legacy.oeklo.at\/en\/product\/oeklo-lulidu","title":{"rendered":"\u00f6Klo LuliDu"},"content":{"rendered":"","protected":false},"excerpt":{"rendered":"<p>Das sch\u00f6ne Pissoir in verschiedenen Gr\u00f6\u00dfen<br \/>\nHaben Sie es satt, dass der Marillenbaum neben dem Sportplatz\u00a0 immer wieder angepinkelt wird?<\/p>\n","protected":false},"featured_media":27014,"template":"","meta":[],"product_cat":[147,377,145],"product_tag":[244],"_links":{"self":[{"href":"https:\/\/legacy.oeklo.at\/en\/wp-json\/wp\/v2\/product\/9573"}],"collection":[{"href":"https:\/\/legacy.oeklo.at\/en\/wp-json\/wp\/v2\/product"}],"about":[{"href":"https:\/\/legacy.oeklo.at\/en\/wp-json\/wp\/v2\/types\/product"}],"version-history":[{"count":0,"href":"https:\/\/legacy.oeklo.at\/en\/wp-json\/wp\/v2\/product\/9573\/revisions"}],"wp:featuredmedia":[{"embeddable":true,"href":"https:\/\/legacy.oeklo.at\/en\/wp-json\/wp\/v2\/media\/27014"}],"wp:attachment":[{"href":"https:\/\/legacy.oeklo.at\/en\/wp-json\/wp\/v2\/media?parent=9573"}],"wp:term":[{"taxonomy":"product_cat","embeddable":true,"href":"https:\/\/legacy.oeklo.at\/en\/wp-json\/wp\/v2\/product_cat?post=9573"},{"taxonomy":"product_tag","embeddable":true,"href":"https:\/\/legacy.oeklo.at\/en\/wp-json\/wp\/v2\/product_tag?post=9573"}],"curies":[{"name":"wp","href":"https:\/\/api.w.org\/{rel}","templated":true}]}}