{"id":9575,"date":"2020-04-27T13:09:13","date_gmt":"2020-04-27T13:09:13","guid":{"rendered":"https:\/\/staging.oeklo.at\/produkt\/oekloklassik\/"},"modified":"2021-10-25T13:40:43","modified_gmt":"2021-10-25T13:40:43","slug":"oeklo-classic","status":"publish","type":"product","link":"https:\/\/legacy.oeklo.at\/en\/product\/oeklo-classic","title":{"rendered":"\u00f6Klo Classic"},"content":{"rendered":"","protected":false},"excerpt":{"rendered":"<p>Eine nachhaltig gebaute Toilettenkabine aus Holz, mit zwei 60L F\u00e4ssern, die sich unter der Toilettenkabine befinden. Insgesamt f\u00fcr bis zu 300 Toiletteng\u00e4nge gewappnet.<\/p>\n","protected":false},"featured_media":27227,"template":"","meta":[],"product_cat":[147,377,145],"product_tag":[244],"_links":{"self":[{"href":"https:\/\/legacy.oeklo.at\/en\/wp-json\/wp\/v2\/product\/9575"}],"collection":[{"href":"https:\/\/legacy.oeklo.at\/en\/wp-json\/wp\/v2\/product"}],"about":[{"href":"https:\/\/legacy.oeklo.at\/en\/wp-json\/wp\/v2\/types\/product"}],"version-history":[{"count":0,"href":"https:\/\/legacy.oeklo.at\/en\/wp-json\/wp\/v2\/product\/9575\/revisions"}],"wp:featuredmedia":[{"embeddable":true,"href":"https:\/\/legacy.oeklo.at\/en\/wp-json\/wp\/v2\/media\/27227"}],"wp:attachment":[{"href":"https:\/\/legacy.oeklo.at\/en\/wp-json\/wp\/v2\/media?parent=9575"}],"wp:term":[{"taxonomy":"product_cat","embeddable":true,"href":"https:\/\/legacy.oeklo.at\/en\/wp-json\/wp\/v2\/product_cat?post=9575"},{"taxonomy":"product_tag","embeddable":true,"href":"https:\/\/legacy.oeklo.at\/en\/wp-json\/wp\/v2\/product_tag?post=9575"}],"curies":[{"name":"wp","href":"https:\/\/api.w.org\/{rel}","templated":true}]}}