{"id":11108,"date":"2020-09-23T19:19:00","date_gmt":"2020-09-23T19:19:00","guid":{"rendered":"https:\/\/oeklo.at\/?page_id=11108"},"modified":"2021-01-22T17:46:27","modified_gmt":"2021-01-22T17:46:27","slug":"imprimer","status":"publish","type":"page","link":"https:\/\/legacy.oeklo.at\/fr\/imprimer","title":{"rendered":"11-IMPRESSUM"},"content":{"rendered":"\t\t<div data-elementor-type=\"wp-page\" data-elementor-id=\"11108\" class=\"elementor elementor-11108\" data-elementor-settings=\"[]\">\n\t\t\t\t\t\t<div class=\"elementor-inner\">\n\t\t\t\t\t\t\t<div class=\"elementor-section-wrap\">\n\t\t\t\t\t\t\t<section class=\"ob-is-breaking-bad elementor-section elementor-top-section elementor-element elementor-element-9831c7e elementor-section-height-min-height elementor-section-boxed elementor-section-height-default elementor-section-items-middle\" data-id=\"9831c7e\" data-element_type=\"section\" data-settings=\"{&quot;background_background&quot;:&quot;classic&quot;,&quot;_ob_bbad_use_it&quot;:&quot;yes&quot;,&quot;_ob_bbad_sssic_use&quot;:&quot;no&quot;,&quot;_ob_glider_is_slider&quot;:&quot;no&quot;,&quot;jet_parallax_layout_list&quot;:[]}\">\n\t\t\t\t\t\t<div class=\"elementor-container elementor-column-gap-default\">\n\t\t\t\t\t\t\t<div class=\"elementor-row\">\n\t\t\t\t\t<div class=\"elementor-column elementor-col-100 elementor-top-column elementor-element elementor-element-efd1022\" data-id=\"efd1022\" data-element_type=\"column\" data-settings=\"{&quot;_ob_bbad_is_stalker&quot;:&quot;no&quot;,&quot;_ob_teleporter_use&quot;:false,&quot;_ob_column_hoveranimator&quot;:&quot;no&quot;,&quot;_ob_column_has_pseudo&quot;:&quot;no&quot;}\">\n\t\t\t<div class=\"elementor-column-wrap\">\n\t\t\t\t\t\t\t<div class=\"elementor-widget-wrap\">\n\t\t\t\t\t\t\t\t<\/div>\n\t\t\t\t\t<\/div>\n\t\t<\/div>\n\t\t\t\t\t\t\t\t<\/div>\n\t\t\t\t\t<\/div>\n\t\t<\/section>\n\t\t\t\t<section class=\"ob-is-breaking-bad elementor-section elementor-top-section elementor-element elementor-element-75c9871 elementor-section-boxed elementor-section-height-default elementor-section-height-default\" data-id=\"75c9871\" data-element_type=\"section\" data-settings=\"{&quot;_ob_bbad_use_it&quot;:&quot;yes&quot;,&quot;_ob_bbad_sssic_use&quot;:&quot;no&quot;,&quot;_ob_glider_is_slider&quot;:&quot;no&quot;,&quot;jet_parallax_layout_list&quot;:[]}\">\n\t\t\t\t\t\t<div class=\"elementor-container elementor-column-gap-default\">\n\t\t\t\t\t\t\t<div class=\"elementor-row\">\n\t\t\t\t\t<div class=\"elementor-column elementor-col-100 elementor-top-column elementor-element elementor-element-0e5acad\" data-id=\"0e5acad\" data-element_type=\"column\" data-settings=\"{&quot;_ob_bbad_is_stalker&quot;:&quot;no&quot;,&quot;_ob_teleporter_use&quot;:false,&quot;_ob_column_hoveranimator&quot;:&quot;no&quot;,&quot;_ob_column_has_pseudo&quot;:&quot;no&quot;}\">\n\t\t\t<div class=\"elementor-column-wrap elementor-element-populated\">\n\t\t\t\t\t\t\t<div class=\"elementor-widget-wrap\">\n\t\t\t\t\t\t<div class=\"elementor-element elementor-element-0584aef ob-harakiri-inherit ob-has-background-overlay elementor-widget elementor-widget-text-editor\" data-id=\"0584aef\" data-element_type=\"widget\" data-settings=\"{&quot;_ob_harakiri_writing_mode&quot;:&quot;inherit&quot;,&quot;_ob_perspektive_use&quot;:&quot;no&quot;,&quot;_ob_poopart_use&quot;:&quot;yes&quot;,&quot;_ob_shadough_use&quot;:&quot;no&quot;,&quot;_ob_allow_hoveranimator&quot;:&quot;no&quot;,&quot;_ob_widget_stalker_use&quot;:&quot;no&quot;}\" data-widget_type=\"text-editor.default\">\n\t\t\t\t<div class=\"elementor-widget-container\">\n\t\t\t\t\t\t\t\t<div class=\"elementor-text-editor elementor-clearfix\">\n\t\t\t\t<p><strong><span style=\"font-size: 16px;\">Mentions l\u00e9gales<\/span><\/strong><\/p><p><strong>\u00f6Klo GmbH<\/strong><\/p><p>Kaiser Josef Stra\u00dfe 53<br \/>2120 Wolkersdorf<br \/>Autriche<\/p><p>Num\u00e9ro de t\u00e9l\u00e9phone : 0224522885<\/p><p>Adresse e-mail : info@oeklo.at<\/p><p>G\u00e9rant : Nikolaos Bogianzidis<\/p><p>Registre du commerce : Landesgericht Korneuburg, HRB 470927s<\/p><p>Num\u00e9ro de TVA intracommunautaire : DEATU72313356<\/p><p>Responsable conform\u00e9ment au \u00a7 55 RStV :<br \/>Niko Bogianzidis<br \/>Kaiser Josef Stra\u00dfe 53<br \/>2120 Wolkersdorf<\/p><p>En cas de litige, et sous r\u00e9serve du respect des conditions l\u00e9gales, nous participerons \u00e0 une proc\u00e9dure de m\u00e9diation de consommation. Le Centre europ\u00e9en des consommateurs France est comp\u00e9tent pour vous renseigner et pour vous orienter vers l\u2019entit\u00e9 comp\u00e9tente de r\u00e9solution amiable des litiges.<br \/>Centre europ\u00e9en des Consommateurs France<br \/>Bahnhofsplatz 3 &#8211; 77694 Kehl &#8211; Allemagne<br \/>0049.7851.991.48.0 (prix de l\u2019appel vers l\u2019Allemagne) ou 0 820 200 999 (Service 0,12\u20ac\/min + prix de l\u2019appel).<br \/><a class=\"external-link\" href=\"https:\/\/www.europe-consommateurs.eu\/fr\/resoudre-votre-probleme\/nous-contacter\/\" rel=\"nofollow noopener\" data-cke-saved-href=\"https:\/\/www.europe-consommateurs.eu\/fr\/resoudre-votre-probleme\/nous-contacter\/\" data-cke-saved- target=\"_blank\">info@cec-zev.eu<br \/>www.europe-consommateurs.eu<\/a><br \/><br \/><\/p><p><i><a title=\"Impressum\" href=\"https:\/\/shop.trustedshops.com\/de\/rechtstexte\/\" target=\"_blank\" rel=\"noopener\">Impressum<\/a> erstellt mit dem <a title=\"Trusted Shops\" href=\"https:\/\/shop.trustedshops.com\/de\/\" target=\"_blank\" rel=\"noopener\">Trusted Shops<\/a> Rechtstexter in Kooperation mit <a title=\"F\u00d6HLISCH Rechtsanw\u00e4lte\" href=\"https:\/\/foehlisch.com\" target=\"_blank\" rel=\"nofollow noopener\">F\u00d6HLISCH Rechtsanw\u00e4lte<\/a>.<\/i><\/p>\t\t\t\t\t<\/div>\n\t\t\t\t\t\t<\/div>\n\t\t\t\t<\/div>\n\t\t\t\t\t\t<\/div>\n\t\t\t\t\t<\/div>\n\t\t<\/div>\n\t\t\t\t\t\t\t\t<\/div>\n\t\t\t\t\t<\/div>\n\t\t<\/section>\n\t\t\t\t\t\t<\/div>\n\t\t\t\t\t\t<\/div>\n\t\t\t\t\t<\/div>\n\t\t","protected":false},"excerpt":{"rendered":"<p>Mentions l\u00e9gales \u00f6Klo GmbH Kaiser Josef Stra\u00dfe 532120 WolkersdorfAutriche Num\u00e9ro de t\u00e9l\u00e9phone : 0224522885 Adresse e-mail : info@oeklo.at G\u00e9rant : Nikolaos Bogianzidis Registre du commerce : Landesgericht Korneuburg, HRB 470927s Num\u00e9ro de TVA intracommunautaire : DEATU72313356 Responsable conform\u00e9ment au \u00a7 55 RStV :Niko BogianzidisKaiser Josef Stra\u00dfe 532120 Wolkersdorf En cas de litige, et sous r\u00e9serve [&hellip;]<\/p>\n","protected":false},"author":1,"featured_media":0,"parent":0,"menu_order":11,"comment_status":"closed","ping_status":"closed","template":"","meta":[],"_links":{"self":[{"href":"https:\/\/legacy.oeklo.at\/fr\/wp-json\/wp\/v2\/pages\/11108"}],"collection":[{"href":"https:\/\/legacy.oeklo.at\/fr\/wp-json\/wp\/v2\/pages"}],"about":[{"href":"https:\/\/legacy.oeklo.at\/fr\/wp-json\/wp\/v2\/types\/page"}],"author":[{"embeddable":true,"href":"https:\/\/legacy.oeklo.at\/fr\/wp-json\/wp\/v2\/users\/1"}],"replies":[{"embeddable":true,"href":"https:\/\/legacy.oeklo.at\/fr\/wp-json\/wp\/v2\/comments?post=11108"}],"version-history":[{"count":0,"href":"https:\/\/legacy.oeklo.at\/fr\/wp-json\/wp\/v2\/pages\/11108\/revisions"}],"wp:attachment":[{"href":"https:\/\/legacy.oeklo.at\/fr\/wp-json\/wp\/v2\/media?parent=11108"}],"curies":[{"name":"wp","href":"https:\/\/api.w.org\/{rel}","templated":true}]}}