{"id":11113,"date":"2020-09-23T19:22:45","date_gmt":"2020-09-23T19:22:45","guid":{"rendered":"https:\/\/oeklo.at\/?page_id=11113"},"modified":"2021-01-22T17:46:28","modified_gmt":"2021-01-22T17:46:28","slug":"revocation","status":"publish","type":"page","link":"https:\/\/legacy.oeklo.at\/fr\/revocation","title":{"rendered":"15-WIDERRUF-FR"},"content":{"rendered":"\t\t<div data-elementor-type=\"wp-page\" data-elementor-id=\"11113\" class=\"elementor elementor-11113\" data-elementor-settings=\"[]\">\n\t\t\t\t\t\t<div class=\"elementor-inner\">\n\t\t\t\t\t\t\t<div class=\"elementor-section-wrap\">\n\t\t\t\t\t\t\t<section class=\"ob-is-breaking-bad elementor-section elementor-top-section elementor-element elementor-element-9b413b1 elementor-section-height-min-height elementor-section-boxed elementor-section-height-default elementor-section-items-middle\" data-id=\"9b413b1\" data-element_type=\"section\" data-settings=\"{&quot;background_background&quot;:&quot;classic&quot;,&quot;_ob_bbad_use_it&quot;:&quot;yes&quot;,&quot;_ob_bbad_sssic_use&quot;:&quot;no&quot;,&quot;_ob_glider_is_slider&quot;:&quot;no&quot;,&quot;jet_parallax_layout_list&quot;:[]}\">\n\t\t\t\t\t\t<div class=\"elementor-container elementor-column-gap-default\">\n\t\t\t\t\t\t\t<div class=\"elementor-row\">\n\t\t\t\t\t<div class=\"elementor-column elementor-col-100 elementor-top-column elementor-element elementor-element-6b14c7a\" data-id=\"6b14c7a\" data-element_type=\"column\" data-settings=\"{&quot;_ob_bbad_is_stalker&quot;:&quot;no&quot;,&quot;_ob_teleporter_use&quot;:false,&quot;_ob_column_hoveranimator&quot;:&quot;no&quot;,&quot;_ob_column_has_pseudo&quot;:&quot;no&quot;}\">\n\t\t\t<div class=\"elementor-column-wrap\">\n\t\t\t\t\t\t\t<div class=\"elementor-widget-wrap\">\n\t\t\t\t\t\t\t\t<\/div>\n\t\t\t\t\t<\/div>\n\t\t<\/div>\n\t\t\t\t\t\t\t\t<\/div>\n\t\t\t\t\t<\/div>\n\t\t<\/section>\n\t\t\t\t<section class=\"ob-is-breaking-bad elementor-section elementor-top-section elementor-element elementor-element-3787cd1 elementor-section-boxed elementor-section-height-default elementor-section-height-default\" data-id=\"3787cd1\" data-element_type=\"section\" data-settings=\"{&quot;_ob_bbad_use_it&quot;:&quot;yes&quot;,&quot;_ob_bbad_sssic_use&quot;:&quot;no&quot;,&quot;_ob_glider_is_slider&quot;:&quot;no&quot;,&quot;jet_parallax_layout_list&quot;:[]}\">\n\t\t\t\t\t\t<div class=\"elementor-container elementor-column-gap-default\">\n\t\t\t\t\t\t\t<div class=\"elementor-row\">\n\t\t\t\t\t<div class=\"elementor-column elementor-col-100 elementor-top-column elementor-element elementor-element-c18a8a4\" data-id=\"c18a8a4\" data-element_type=\"column\" data-settings=\"{&quot;_ob_bbad_is_stalker&quot;:&quot;no&quot;,&quot;_ob_teleporter_use&quot;:false,&quot;_ob_column_hoveranimator&quot;:&quot;no&quot;,&quot;_ob_column_has_pseudo&quot;:&quot;no&quot;}\">\n\t\t\t<div class=\"elementor-column-wrap elementor-element-populated\">\n\t\t\t\t\t\t\t<div class=\"elementor-widget-wrap\">\n\t\t\t\t\t\t<div class=\"elementor-element elementor-element-d49f564 ob-harakiri-inherit ob-has-background-overlay elementor-widget elementor-widget-text-editor\" data-id=\"d49f564\" data-element_type=\"widget\" data-settings=\"{&quot;_ob_harakiri_writing_mode&quot;:&quot;inherit&quot;,&quot;_ob_perspektive_use&quot;:&quot;no&quot;,&quot;_ob_poopart_use&quot;:&quot;yes&quot;,&quot;_ob_shadough_use&quot;:&quot;no&quot;,&quot;_ob_allow_hoveranimator&quot;:&quot;no&quot;,&quot;_ob_widget_stalker_use&quot;:&quot;no&quot;}\" data-widget_type=\"text-editor.default\">\n\t\t\t\t<div class=\"elementor-widget-container\">\n\t\t\t\t\t\t\t\t<div class=\"elementor-text-editor elementor-clearfix\">\n\t\t\t\t<p><strong>Informations sur la r&eacute;tractation<\/strong><\/p> <p>Les consommateurs ont un droit de r&eacute;tractation de quatorze jours.<\/p> <p><strong>Droit de r&eacute;tractation<\/strong><br \/> Vous avez le droit dans un d&eacute;lai  de quatorze jours de vous r&eacute;tracter du pr&eacute;sent contrat sans donner de motif. Le d&eacute;lai de r&eacute;tractation expire  quatorze jours apr&egrave;s le jour o&ugrave; vous-m&ecirc;me, ou un tiers autre que le transporteur et d&eacute;sign&eacute; par vous, prend physiquement possession des biens. <\/p><p>Pour exercer le droit de r\u00e9tractation, vous devez nous notifier (Niko Bogianzidis, Bahnstra\u00dfe 83a, 2120 Wolkersdorf, \u00d6sterreich, info@oeklo.at, num\u00e9ro de t\u00e9l\u00e9phone : 03224522885) votre d\u00e9cision de r\u00e9tractation du pr\u00e9sent contrat au moyen d\u2019une d\u00e9claration d\u00e9nu\u00e9e d\u2019ambigu\u00eft\u00e9 (par exemple, lettre envoy\u00e9e par la poste, fax ou e-mail). Vous pouvez utiliser le mod\u00e8le de formulaire de r\u00e9tractation mais ce n\u2019est pas obligatoire.<br> <\/p><p>Pour que le d&eacute;lai de r&eacute;tractation soit respect&eacute;, il suffit que vous transmettiez votre communication relative &agrave; l&rsquo;exercice du droit de r&eacute;tractation avant l&rsquo;expiration du d&eacute;lai de r&eacute;tractation. <p><strong>Effets de la r&eacute;tractation <\/strong> <p>En cas de r&eacute;tractation de votre part du pr&eacute;sent contrat, nous vous rembourserons tous les paiements re&ccedil;us de vous, y compris les frais de livraison (&agrave; l&rsquo;exception des frais suppl&eacute;mentaires d&eacute;coulant du fait que vous avez choisi, le cas &eacute;ch&eacute;ant, un mode de livraison autre que le mode moins co&ucirc;teux de livraison standard propos&eacute; par nous) sans retard excessif et, en tout &eacute;tat de cause, au plus tard quatorze jours &agrave; compter du jour o&ugrave; nous sommes inform&eacute;s de votre d&eacute;cision de r&eacute;tractation du pr&eacute;sent contrat. Nous proc&eacute;derons au remboursement en utilisant le m&ecirc;me moyen de paiement que celui que vous aurez utilis&eacute; pour la transaction initiale, sauf si vous convenez express&eacute;ment d&rsquo;un moyen diff&eacute;rent; en tout &eacute;tat de cause, ce remboursement n&rsquo;occasionnera pas de frais pour vous. Nous pouvons diff&eacute;rer le remboursement jusqu&rsquo;&agrave; ce que nous ayons re&ccedil;u le bien ou jusqu&rsquo;&agrave; ce que vous ayez fourni une preuve d&rsquo;exp&eacute;dition du bien, la date retenue &eacute;tant celle du premier de ces faits. <\/p><p>Vous devrez renvoyer ou rendre le bien, &agrave; nous-m&ecirc;mes sans retard excessif et, en tout &eacute;tat de cause, au plus tard quatorze jours apr&egrave;s que vous nous aurez communiqu&eacute; votre d&eacute;cision de r&eacute;tractation du pr&eacute;sent contrat. Ce d&eacute;lai est r&eacute;put&eacute; respect&eacute; si vous renvoyez le bien avant l&rsquo;expiration du d&eacute;lai de quatorze jours. Vous devrez prendre en charge les frais directs de renvoi du bien. Si le bien, en raison de sa nature, ne peut normalement &ecirc;tre renvoy&eacute; par la Poste, le co&ucirc;t de renvoi du bien sera de 250 EUR. Votre responsabilit&eacute; n&rsquo;est engag&eacute;e qu&rsquo;&agrave; l&rsquo;&eacute;gard de la d&eacute;pr&eacute;ciation du bien r&eacute;sultant de manipulations autres que celles n&eacute;cessaires pour &eacute;tablir la nature, les caract&eacute;ristiques et le bon fonctionnement de ce bien. <\/p><table border=\"1\" cellpadding=\"1\" cellspacing=\"1\" style=\"width:100%\"> <tbody> <tr> <td> <p><strong>Formulaire de r&eacute;tractation<\/strong><\/p> <p><em>(Veuillez compl&eacute;ter et renvoyer le pr&eacute;sent formulaire uniquement si vous souhaitez vous r&eacute;tracter du contrat)<\/em><\/p> <p>&mdash; &Agrave; l&rsquo;attention de Niko Bogianzidis, Bahnstra\u00dfe 83a, Wolkersdorf, \u00d6sterreich, info@oeklo.at<\/p> <p>&mdash; Je\/Nous (*) vous notifie\/notifions (*) par la pr&eacute;sente ma\/notre (*) r&eacute;tractation du contrat portant sur la vente du<br \/> bien (*)\/pour la prestation de service (*) ci-dessous<\/p> <p>&mdash; Command&eacute; le (*)\/re&ccedil;u le (*)<\/p> <p>&mdash; Nom du (des) consommateur(s)<\/p> <p>&mdash; Adresse du (des) consommateur(s)<\/p> <p>&mdash; Signature du (des) consommateur(s) (uniquement en cas de notification du pr&eacute;sent formulaire sur papier)<\/p> <p>&mdash; Date<\/p> <p>(*) Rayez la mention inutile<\/p> <\/td> <\/tr> <\/tbody> <\/table> <p><strong>\u00c0 noter en cas de cr\u00e9dit<\/strong><\/p><p>Si vous financez ce contrat \u00e0 l&#8217;aide d&#8217;un cr\u00e9dit et que vous exercez par la suite votre droit de r\u00e9tractation, vous ne serez alors plus li\u00e9 par le contrat de cr\u00e9dit, dans la mesure o\u00f9 les deux contrats constituent une op\u00e9ration commerciale unique. Une op\u00e9ration commerciale unique est r\u00e9put\u00e9e exister lorsque le vendeur ou le prestataire de services finance lui-m\u00eame le cr\u00e9dit ou, en cas de financement par un tiers, lorsque le pr\u00eateur recourt aux services du vendeur ou du prestataire pour la conclusion ou la pr\u00e9paration du contrat de cr\u00e9dit ou encore lorsque le contrat de cr\u00e9dit mentionne sp\u00e9cifiquement les biens ou les services concern\u00e9s. Lorsque vous exercez votre droit de r\u00e9tractation du contrat de vente, le contrat de cr\u00e9dit destin\u00e9 \u00e0 en assurer le financement est r\u00e9sili\u00e9 de plein droit sans frais ni indemnit\u00e9, \u00e0 l&#8217;exception \u00e9ventuellement des frais engag\u00e9s pour l&#8217;ouverture du dossier de cr\u00e9dit. <br><\/p> <br><p><i><a target=\"_blank\" title=\"Widerrufsbelehrung\" href=\"https:\/\/shop.trustedshops.com\/de\/rechtstexte\/\" rel=\"noopener\">Widerrufsbelehrung<\/a> erstellt mit dem <a target=\"_blank\" title=\"Trusted Shops\" href=\"https:\/\/shop.trustedshops.com\/de\/\" rel=\"noopener\">Trusted Shops<\/a> Rechtstexter in Kooperation mit <a target=\"_blank\" title=\"F\u00d6HLISCH Rechtsanw\u00e4lte\" href=\"https:\/\/foehlisch.com\" rel=\"nofollow noopener\">F\u00d6HLISCH Rechtsanw\u00e4lte<\/a>.<\/i><\/p>\t\t\t\t\t<\/div>\n\t\t\t\t\t\t<\/div>\n\t\t\t\t<\/div>\n\t\t\t\t\t\t<\/div>\n\t\t\t\t\t<\/div>\n\t\t<\/div>\n\t\t\t\t\t\t\t\t<\/div>\n\t\t\t\t\t<\/div>\n\t\t<\/section>\n\t\t\t\t\t\t<\/div>\n\t\t\t\t\t\t<\/div>\n\t\t\t\t\t<\/div>\n\t\t","protected":false},"excerpt":{"rendered":"<p>Informations sur la r&eacute;tractation Les consommateurs ont un droit de r&eacute;tractation de quatorze jours. Droit de r&eacute;tractation Vous avez le droit dans un d&eacute;lai de quatorze jours de vous r&eacute;tracter du pr&eacute;sent contrat sans donner de motif. Le d&eacute;lai de r&eacute;tractation expire quatorze jours apr&egrave;s le jour o&ugrave; vous-m&ecirc;me, ou un tiers autre que le [&hellip;]<\/p>\n","protected":false},"author":1,"featured_media":0,"parent":0,"menu_order":21,"comment_status":"closed","ping_status":"closed","template":"","meta":[],"_links":{"self":[{"href":"https:\/\/legacy.oeklo.at\/fr\/wp-json\/wp\/v2\/pages\/11113"}],"collection":[{"href":"https:\/\/legacy.oeklo.at\/fr\/wp-json\/wp\/v2\/pages"}],"about":[{"href":"https:\/\/legacy.oeklo.at\/fr\/wp-json\/wp\/v2\/types\/page"}],"author":[{"embeddable":true,"href":"https:\/\/legacy.oeklo.at\/fr\/wp-json\/wp\/v2\/users\/1"}],"replies":[{"embeddable":true,"href":"https:\/\/legacy.oeklo.at\/fr\/wp-json\/wp\/v2\/comments?post=11113"}],"version-history":[{"count":0,"href":"https:\/\/legacy.oeklo.at\/fr\/wp-json\/wp\/v2\/pages\/11113\/revisions"}],"wp:attachment":[{"href":"https:\/\/legacy.oeklo.at\/fr\/wp-json\/wp\/v2\/media?parent=11113"}],"curies":[{"name":"wp","href":"https:\/\/api.w.org\/{rel}","templated":true}]}}