{"id":8775,"date":"2020-04-27T13:09:15","date_gmt":"2020-04-27T13:09:15","guid":{"rendered":"https:\/\/staging.oeklo.at\/produkt\/oeklobarrierefrei\/"},"modified":"2021-01-22T18:49:42","modified_gmt":"2021-01-22T18:49:42","slug":"oeklo-acces-sans-barrieres","status":"publish","type":"product","link":"https:\/\/legacy.oeklo.at\/fr\/produit\/oeklo-acces-sans-barrieres","title":{"rendered":"\u00f6Klo acc\u00e8s sans barri\u00e8res"},"content":{"rendered":"","protected":false},"excerpt":{"rendered":"","protected":false},"featured_media":26995,"template":"","meta":[],"product_cat":[133,131],"product_tag":[],"_links":{"self":[{"href":"https:\/\/legacy.oeklo.at\/fr\/wp-json\/wp\/v2\/product\/8775"}],"collection":[{"href":"https:\/\/legacy.oeklo.at\/fr\/wp-json\/wp\/v2\/product"}],"about":[{"href":"https:\/\/legacy.oeklo.at\/fr\/wp-json\/wp\/v2\/types\/product"}],"version-history":[{"count":0,"href":"https:\/\/legacy.oeklo.at\/fr\/wp-json\/wp\/v2\/product\/8775\/revisions"}],"wp:featuredmedia":[{"embeddable":true,"href":"https:\/\/legacy.oeklo.at\/fr\/wp-json\/wp\/v2\/media\/26995"}],"wp:attachment":[{"href":"https:\/\/legacy.oeklo.at\/fr\/wp-json\/wp\/v2\/media?parent=8775"}],"wp:term":[{"taxonomy":"product_cat","embeddable":true,"href":"https:\/\/legacy.oeklo.at\/fr\/wp-json\/wp\/v2\/product_cat?post=8775"},{"taxonomy":"product_tag","embeddable":true,"href":"https:\/\/legacy.oeklo.at\/fr\/wp-json\/wp\/v2\/product_tag?post=8775"}],"curies":[{"name":"wp","href":"https:\/\/api.w.org\/{rel}","templated":true}]}}