{"id":8787,"date":"2020-04-27T13:09:13","date_gmt":"2020-04-27T13:09:13","guid":{"rendered":"https:\/\/staging.oeklo.at\/produkt\/oekloklassik\/"},"modified":"2021-01-22T18:49:15","modified_gmt":"2021-01-22T18:49:15","slug":"oeklo-classique","status":"publish","type":"product","link":"https:\/\/legacy.oeklo.at\/fr\/produit\/oeklo-classique","title":{"rendered":"\u00f6Klo Classique"},"content":{"rendered":"","protected":false},"excerpt":{"rendered":"<p>Eine nachhaltig gebaute Toilettenkabine aus Holz, mit zwei 60L F\u00e4ssern, die sich unter der Toilettenkabine befinden. Insgesamt f\u00fcr bis zu 300 Toiletteng\u00e4nge gewappnet.<\/p>\n","protected":false},"featured_media":27228,"template":"","meta":[],"product_cat":[133,131],"product_tag":[],"_links":{"self":[{"href":"https:\/\/legacy.oeklo.at\/fr\/wp-json\/wp\/v2\/product\/8787"}],"collection":[{"href":"https:\/\/legacy.oeklo.at\/fr\/wp-json\/wp\/v2\/product"}],"about":[{"href":"https:\/\/legacy.oeklo.at\/fr\/wp-json\/wp\/v2\/types\/product"}],"version-history":[{"count":0,"href":"https:\/\/legacy.oeklo.at\/fr\/wp-json\/wp\/v2\/product\/8787\/revisions"}],"wp:featuredmedia":[{"embeddable":true,"href":"https:\/\/legacy.oeklo.at\/fr\/wp-json\/wp\/v2\/media\/27228"}],"wp:attachment":[{"href":"https:\/\/legacy.oeklo.at\/fr\/wp-json\/wp\/v2\/media?parent=8787"}],"wp:term":[{"taxonomy":"product_cat","embeddable":true,"href":"https:\/\/legacy.oeklo.at\/fr\/wp-json\/wp\/v2\/product_cat?post=8787"},{"taxonomy":"product_tag","embeddable":true,"href":"https:\/\/legacy.oeklo.at\/fr\/wp-json\/wp\/v2\/product_tag?post=8787"}],"curies":[{"name":"wp","href":"https:\/\/api.w.org\/{rel}","templated":true}]}}