{"id":11596,"date":"2020-09-25T12:07:05","date_gmt":"2020-09-25T12:07:05","guid":{"rendered":"https:\/\/staging.oeklo.at\/?page_id=11596"},"modified":"2021-01-31T11:09:30","modified_gmt":"2021-01-31T11:09:30","slug":"impressum","status":"publish","type":"page","link":"https:\/\/legacy.oeklo.at\/it\/impressum","title":{"rendered":"11-IMPRESSUM"},"content":{"rendered":"\t\t<div data-elementor-type=\"wp-page\" data-elementor-id=\"11596\" class=\"elementor elementor-11596\" data-elementor-settings=\"[]\">\n\t\t\t\t\t\t<div class=\"elementor-inner\">\n\t\t\t\t\t\t\t<div class=\"elementor-section-wrap\">\n\t\t\t\t\t\t\t<section class=\"ob-is-breaking-bad elementor-section elementor-top-section elementor-element elementor-element-93db013 elementor-section-height-min-height elementor-section-boxed elementor-section-height-default elementor-section-items-middle\" data-id=\"93db013\" data-element_type=\"section\" data-settings=\"{&quot;background_background&quot;:&quot;classic&quot;,&quot;_ob_bbad_use_it&quot;:&quot;yes&quot;,&quot;_ob_bbad_sssic_use&quot;:&quot;no&quot;,&quot;_ob_glider_is_slider&quot;:&quot;no&quot;,&quot;jet_parallax_layout_list&quot;:[]}\">\n\t\t\t\t\t\t<div class=\"elementor-container elementor-column-gap-default\">\n\t\t\t\t\t\t\t<div class=\"elementor-row\">\n\t\t\t\t\t<div class=\"elementor-column elementor-col-100 elementor-top-column elementor-element elementor-element-804d1bf\" data-id=\"804d1bf\" data-element_type=\"column\" data-settings=\"{&quot;_ob_bbad_is_stalker&quot;:&quot;no&quot;,&quot;_ob_teleporter_use&quot;:false,&quot;_ob_column_hoveranimator&quot;:&quot;no&quot;,&quot;_ob_column_has_pseudo&quot;:&quot;no&quot;}\">\n\t\t\t<div class=\"elementor-column-wrap\">\n\t\t\t\t\t\t\t<div class=\"elementor-widget-wrap\">\n\t\t\t\t\t\t\t\t<\/div>\n\t\t\t\t\t<\/div>\n\t\t<\/div>\n\t\t\t\t\t\t\t\t<\/div>\n\t\t\t\t\t<\/div>\n\t\t<\/section>\n\t\t\t\t<section class=\"ob-is-breaking-bad elementor-section elementor-top-section elementor-element elementor-element-b0952d0 elementor-section-boxed elementor-section-height-default elementor-section-height-default\" data-id=\"b0952d0\" data-element_type=\"section\" data-settings=\"{&quot;_ob_bbad_use_it&quot;:&quot;yes&quot;,&quot;_ob_bbad_sssic_use&quot;:&quot;no&quot;,&quot;_ob_glider_is_slider&quot;:&quot;no&quot;,&quot;jet_parallax_layout_list&quot;:[]}\">\n\t\t\t\t\t\t<div class=\"elementor-container elementor-column-gap-default\">\n\t\t\t\t\t\t\t<div class=\"elementor-row\">\n\t\t\t\t\t<div class=\"elementor-column elementor-col-100 elementor-top-column elementor-element elementor-element-ee060bd\" data-id=\"ee060bd\" data-element_type=\"column\" data-settings=\"{&quot;_ob_bbad_is_stalker&quot;:&quot;no&quot;,&quot;_ob_teleporter_use&quot;:false,&quot;_ob_column_hoveranimator&quot;:&quot;no&quot;,&quot;_ob_column_has_pseudo&quot;:&quot;no&quot;}\">\n\t\t\t<div class=\"elementor-column-wrap elementor-element-populated\">\n\t\t\t\t\t\t\t<div class=\"elementor-widget-wrap\">\n\t\t\t\t\t\t<div class=\"elementor-element elementor-element-c55eab3 ob-harakiri-inherit ob-has-background-overlay elementor-widget elementor-widget-text-editor\" data-id=\"c55eab3\" data-element_type=\"widget\" data-settings=\"{&quot;_ob_harakiri_writing_mode&quot;:&quot;inherit&quot;,&quot;_ob_perspektive_use&quot;:&quot;no&quot;,&quot;_ob_poopart_use&quot;:&quot;yes&quot;,&quot;_ob_shadough_use&quot;:&quot;no&quot;,&quot;_ob_allow_hoveranimator&quot;:&quot;no&quot;,&quot;_ob_widget_stalker_use&quot;:&quot;no&quot;}\" data-widget_type=\"text-editor.default\">\n\t\t\t\t<div class=\"elementor-widget-container\">\n\t\t\t\t\t\t\t\t<div class=\"elementor-text-editor elementor-clearfix\">\n\t\t\t\t<p><strong><span style=\"font-size:16px\">Note legali<\/span><\/strong><\/p> <p><strong>\u00f6Klo GmbH<\/strong><\/p> <p>Bahnstra\u00dfe 83a<br>2120 Wolkersdorf<br>\u00d6sterreich<br><\/p> <p>Telefono: 043224522885<\/p> <p>E-mail: info@oeklo.at<br><\/p> <p>Amministratore delegato: Nikolaos Bogianzidis<br><\/p> <p>Registro delle imprese: Landesgericht Korneuburg, HRB 470927s<br><\/p> <p>Numero di partita IVA: DEATU72313356<br><\/p> <p>Responsabile ai sensi del &sect; 18 MStV (trattato statale tedesco sulla diffusione radiotelevisiva):<br \/> Niko Bogianzidis<br \/> Bahnstra\u00dfe 83a<br \/> 2120 Wolkersdorf<\/p> <p> La Commissione Europea fornisce una piattaforma online per la risoluzione delle controversie, che pu\u00f2 essere richiamata su questa pagina <a data-cke-saved-href=\"https:\/\/ec.europa.eu\/consumers\/odr\/\" href=\"https:\/\/ec.europa.eu\/consumers\/odr\/\" target=\"_blank\" rel=\"noopener\">https:\/\/ec.europa.eu\/consumers\/odr\/<\/a>.<br>  Siamo disposti a partecipare ad un procedimento di risoluzione delle controversie dinanzi un organismo di risoluzione delle controversie di consumo.<br> <br><p><i><a target=\"_blank\" title=\"Impressum\" href=\"https:\/\/shop.trustedshops.com\/de\/rechtstexte\/\" rel=\"noopener\">Impressum<\/a> erstellt mit dem <a target=\"_blank\" title=\"Trusted Shops\" href=\"https:\/\/shop.trustedshops.com\/de\/\" rel=\"noopener\">Trusted Shops<\/a> Rechtstexter in Kooperation mit <a target=\"_blank\" title=\"F\u00d6HLISCH Rechtsanw\u00e4lte\" href=\"https:\/\/foehlisch.com\" rel=\"nofollow noopener\">F\u00d6HLISCH Rechtsanw\u00e4lte<\/a>.<\/i><\/p>\t\t\t\t\t<\/div>\n\t\t\t\t\t\t<\/div>\n\t\t\t\t<\/div>\n\t\t\t\t\t\t<\/div>\n\t\t\t\t\t<\/div>\n\t\t<\/div>\n\t\t\t\t\t\t\t\t<\/div>\n\t\t\t\t\t<\/div>\n\t\t<\/section>\n\t\t\t\t\t\t<\/div>\n\t\t\t\t\t\t<\/div>\n\t\t\t\t\t<\/div>\n\t\t","protected":false},"excerpt":{"rendered":"<p>Note legali \u00f6Klo GmbH Bahnstra\u00dfe 83a2120 Wolkersdorf\u00d6sterreich Telefono: 043224522885 E-mail: info@oeklo.at Amministratore delegato: Nikolaos Bogianzidis Registro delle imprese: Landesgericht Korneuburg, HRB 470927s Numero di partita IVA: DEATU72313356 Responsabile ai sensi del &sect; 18 MStV (trattato statale tedesco sulla diffusione radiotelevisiva): Niko Bogianzidis Bahnstra\u00dfe 83a 2120 Wolkersdorf La Commissione Europea fornisce una piattaforma online per la [&hellip;]<\/p>\n","protected":false},"author":1,"featured_media":0,"parent":0,"menu_order":10,"comment_status":"closed","ping_status":"closed","template":"","meta":[],"_links":{"self":[{"href":"https:\/\/legacy.oeklo.at\/it\/wp-json\/wp\/v2\/pages\/11596"}],"collection":[{"href":"https:\/\/legacy.oeklo.at\/it\/wp-json\/wp\/v2\/pages"}],"about":[{"href":"https:\/\/legacy.oeklo.at\/it\/wp-json\/wp\/v2\/types\/page"}],"author":[{"embeddable":true,"href":"https:\/\/legacy.oeklo.at\/it\/wp-json\/wp\/v2\/users\/1"}],"replies":[{"embeddable":true,"href":"https:\/\/legacy.oeklo.at\/it\/wp-json\/wp\/v2\/comments?post=11596"}],"version-history":[{"count":0,"href":"https:\/\/legacy.oeklo.at\/it\/wp-json\/wp\/v2\/pages\/11596\/revisions"}],"wp:attachment":[{"href":"https:\/\/legacy.oeklo.at\/it\/wp-json\/wp\/v2\/media?parent=11596"}],"curies":[{"name":"wp","href":"https:\/\/api.w.org\/{rel}","templated":true}]}}