{"id":11599,"date":"2020-09-25T11:47:30","date_gmt":"2020-09-25T11:47:30","guid":{"rendered":"https:\/\/staging.oeklo.at\/?page_id=11599"},"modified":"2021-01-22T17:46:28","modified_gmt":"2021-01-22T17:46:28","slug":"agb","status":"publish","type":"page","link":"https:\/\/legacy.oeklo.at\/it\/agb","title":{"rendered":"12-AGB-IT"},"content":{"rendered":"\t\t<div data-elementor-type=\"wp-page\" data-elementor-id=\"11599\" class=\"elementor elementor-11599\" data-elementor-settings=\"[]\">\n\t\t\t\t\t\t<div class=\"elementor-inner\">\n\t\t\t\t\t\t\t<div class=\"elementor-section-wrap\">\n\t\t\t\t\t\t\t<section class=\"ob-is-breaking-bad elementor-section elementor-top-section elementor-element elementor-element-8365d87 elementor-section-height-min-height elementor-section-boxed elementor-section-height-default elementor-section-items-middle\" data-id=\"8365d87\" data-element_type=\"section\" data-settings=\"{&quot;background_background&quot;:&quot;classic&quot;,&quot;_ob_bbad_use_it&quot;:&quot;yes&quot;,&quot;_ob_bbad_sssic_use&quot;:&quot;no&quot;,&quot;_ob_glider_is_slider&quot;:&quot;no&quot;,&quot;jet_parallax_layout_list&quot;:[]}\">\n\t\t\t\t\t\t<div class=\"elementor-container elementor-column-gap-default\">\n\t\t\t\t\t\t\t<div class=\"elementor-row\">\n\t\t\t\t\t<div class=\"elementor-column elementor-col-100 elementor-top-column elementor-element elementor-element-8d3654f\" data-id=\"8d3654f\" data-element_type=\"column\" data-settings=\"{&quot;_ob_bbad_is_stalker&quot;:&quot;no&quot;,&quot;_ob_teleporter_use&quot;:false,&quot;_ob_column_hoveranimator&quot;:&quot;no&quot;,&quot;_ob_column_has_pseudo&quot;:&quot;no&quot;}\">\n\t\t\t<div class=\"elementor-column-wrap\">\n\t\t\t\t\t\t\t<div class=\"elementor-widget-wrap\">\n\t\t\t\t\t\t\t\t<\/div>\n\t\t\t\t\t<\/div>\n\t\t<\/div>\n\t\t\t\t\t\t\t\t<\/div>\n\t\t\t\t\t<\/div>\n\t\t<\/section>\n\t\t\t\t<section class=\"ob-is-breaking-bad elementor-section elementor-top-section elementor-element elementor-element-6e1925e elementor-section-boxed elementor-section-height-default elementor-section-height-default\" data-id=\"6e1925e\" data-element_type=\"section\" data-settings=\"{&quot;_ob_bbad_use_it&quot;:&quot;yes&quot;,&quot;_ob_bbad_sssic_use&quot;:&quot;no&quot;,&quot;_ob_glider_is_slider&quot;:&quot;no&quot;,&quot;jet_parallax_layout_list&quot;:[]}\">\n\t\t\t\t\t\t<div class=\"elementor-container elementor-column-gap-default\">\n\t\t\t\t\t\t\t<div class=\"elementor-row\">\n\t\t\t\t\t<div class=\"elementor-column elementor-col-100 elementor-top-column elementor-element elementor-element-d5a1935\" data-id=\"d5a1935\" data-element_type=\"column\" data-settings=\"{&quot;_ob_bbad_is_stalker&quot;:&quot;no&quot;,&quot;_ob_teleporter_use&quot;:false,&quot;_ob_column_hoveranimator&quot;:&quot;no&quot;,&quot;_ob_column_has_pseudo&quot;:&quot;no&quot;}\">\n\t\t\t<div class=\"elementor-column-wrap elementor-element-populated\">\n\t\t\t\t\t\t\t<div class=\"elementor-widget-wrap\">\n\t\t\t\t\t\t<div class=\"elementor-element elementor-element-325df91 ob-harakiri-inherit ob-has-background-overlay elementor-widget elementor-widget-text-editor\" data-id=\"325df91\" data-element_type=\"widget\" data-settings=\"{&quot;_ob_harakiri_writing_mode&quot;:&quot;inherit&quot;,&quot;_ob_perspektive_use&quot;:&quot;no&quot;,&quot;_ob_poopart_use&quot;:&quot;yes&quot;,&quot;_ob_shadough_use&quot;:&quot;no&quot;,&quot;_ob_allow_hoveranimator&quot;:&quot;no&quot;,&quot;_ob_widget_stalker_use&quot;:&quot;no&quot;}\" data-widget_type=\"text-editor.default\">\n\t\t\t\t<div class=\"elementor-widget-container\">\n\t\t\t\t\t\t\t\t<div class=\"elementor-text-editor elementor-clearfix\">\n\t\t\t\t<p><strong>Condizioni generali di vendita<\/strong><\/p> <h2>1.&nbsp;Ambito di applicazione<\/h2> <p>Per tutti gli ordini effettuati attraverso nel nostro negozio online da parte di consumatori e professionisti si applicano le seguenti condizioni generali di contratto.<\/p><p>\u00c8 consumatore la persona fisica che agisce per scopi estranei all&#8217;attivit\u00e0 imprenditoriale, commerciale, artigianale o professionale eventualmente svolta. \u00c8 professionista la persona fisica o giuridica che agisce nell&#8217;esercizio della propria attivit\u00e0 imprenditoriale, commerciale, artigianale o professionale.<\/p><p>Per professionisti: Le presenti condizioni generali prevalgono su quelle condizioni generali contraddittorie o confliggenti eventualmente predisposte dal professionista contraente. Tali condizioni aggiuntive o contraddittorie potranno essere ammesse come parte integrante del contratto esclusivamente previo nostro consenso esplicito.<br><\/p> <h2>2.&nbsp;Controparte contrattuale, formazione del contratto, mezzi tecnici per la correzione<\/h2> <p>Il contratto d&#8217;acquisto viene stipulato con \u00f6Klo GmbH.<br><\/p> <p>L&#8217;esposizione dei prodotti nel negozio online non costituisce un&#8217;offerta vincolante, ma rappresenta soltanto un catalogo online privo di effetti vincolanti. Lei pu\u00f2 quindi inserire, in maniera non vincolante, i prodotti nel carrello e correggere i propri dati in qualsiasi momento prima di inviare l\u2019ordine vincolante, tramite gli strumenti di correzione previsti e descritti nel processo dell\u2019ordine. Premendo il pulsante d&#8217;acquisto lei presenta un&#8217;offerta vincolante avente per oggetto le merci nel carrello. Dopo l&#8217;invio del suo ordine, il ricevimento dello stesso verr\u00e0 confermato senza indugio via e-mail.<br><\/p><p>Il momento della conclusione del contratto dipende dalla modalit\u00e0 di pagamento scelto.<\/p> <p><strong>Carta di credito<\/strong><br \/> Entro due giorni solari provvediamo ad accettare il suo ordine o tramite e-mail separata o tramite l&rsquo;evasione dell&rsquo;ordine stesso.<\/p> <p><strong>Pagamento anticipato (Bonifico bancario)<\/strong><br>Entro due giorni solari provvediamo ad accettare il suo ordine tramite e-mail separata contenente la nostra dichiarazione di accettazione e le nostre coordinate bancarie.<br><\/p> <p><strong> Fattura tramite Klarna <\/strong><br \/> Accettiamo il suo ordine inviando una dichiarazione di accettazione in una e-mail separata o consegnando la merce entro due giorni.<\/p> <p><b>Klarna PayNow addebito diretto<\/b><br><\/p><p>Nel momento in cui realizza l&#8217;acquisto, lei d\u00e0 un ordine di addebito diretto al fornitore del servizio di pagamento online Klarna. Quest&#8217;ultimo addebiter\u00e0 l&#8217;importo di cui alla fattura nel suo conto corrente. Klarna la informer\u00e0 sulla data dell&#8217;addebito entro i due giorni successivi al suo acquisto (c.d. preavviso). In questo modo il contratto potr\u00e0 ritenersi concluso.<\/p><p><b><\/b><br><\/p> <p><strong>PayPal<\/strong><br>Durante il processo dell\u2019ordine verr\u00e0 reindirizzato al sito del fornitore online PayPal. Sul predetto sito pu\u00f2 indicare i propri dettagli di pagamento e confermare nei confronti di PayPal il mandato di pagamento. Dopo l&#8217;invio dell&#8217;ordine all&#8217;interno del nostro negozio online, invitiamo PayPal ad avviare la transazione di pagamento accettando in tal modo la sua offerta.<br><\/p> <p><strong>Sofort by Klarna<\/strong><br>Dopo l&#8217;invio dell&#8217;ordine si viene reindirizzato al sito web del fornitore online Sofort GmbH, dove potr\u00e0 confermare il mandato di pagamento. In tal modo si conclude il contratto con noi.<br><\/p> <p><strong>Pagamento in contanti in occasione del ritiro<\/strong><br>Le confermeremo l&#8217;ordine attraverso l&#8217;invio della relativa accettazione in una apposita e-mail entro due giorni.<br><\/p> <p><strong>Mezzi tecnici per la correzione<\/strong><br \/> Con riferimento ai mezzi tecnici messi a disposizione del Cliente per individuare e correggere eventuali errori di inserimento dei dati prima di inoltrare l&rsquo;ordine, il sistema di conclusione del contratto a distanza del negozio permette di seguire una procedura guidata che in ogni momento consente di verificare e poi validare l&rsquo;informazione inserita e di correggere eventuali errori prima dell&rsquo;invio elettronico contenente l&rsquo;ordine. <\/p> <h2>3.&nbsp;Lingua del contratto, memorizzazione del testo contrattuale<\/h2> <p>La lingua\/le lingue disponibile\/i per la conclusione del contratto \u00e8\/sono la\/le seguente\/i: Italiano, Tedesco,Inglese, Francese, Spagnolo, Polacco<br><\/p> <p>Memorizziamo il contenuto del contratto e provvediamo all&#8217;invio in forma scritta dei dettagli dell&#8217;ordine assieme alle condizioni generali.<br>\u00c8 possibile accedere al contenuto contrattuale attraverso il login dell&#8217;account cliente.<br><\/p> <h2>4.&nbsp;Modalit\u00e0 di consegna<\/h2> <p>In aggiunta ai prezzi dei prodotti indicati si applicano le spese di spedizione. Maggiori dettagli sull\u2019importo delle spese di spedizione sono indicati in vicinanza delle offerte.<br><\/p> <p>Normalmente, lei pu\u00f2 ritirare il suo ordine presso Niko Bogianzidis, Bahnstra\u00dfe 83a, Wolkersdorf, \u00d6sterreich, negli orari di apertura indicati qui di seguito: 10:00 &#8211; 18:00<br><\/p> <h2>5.&nbsp;Pagamento<\/h2> <p>Nel nostro negozio sono disponibili le seguenti modalit\u00e0 di pagamento:<br><\/p> <p><strong>Pagamento anticipato (Bonifico bancario)<\/strong><br>Scegliendo la modalit\u00e0 di pagamento tramite bonifico bancario, provvediamo a comunicarle tramite messaggio elettronico separato le nostre coordinate bancarie. La merce verr\u00e0 spedita solo dopo l\u2019accredito dell&#8217;intero importo.<br><\/p> <p><strong>Carta di credito<\/strong><br>Contestualmente all&#8217;invio dell&#8217;ordine deve inserire i dettagli della sua carta di credito.<br> Dopo che l\u2019autenticazione dell\u2019effettivo titolare della carta \u00e8 andata a buon fine, la transazione di pagamento viene eseguita, in modo automatico, immediatamente dopo la conclusione del contratto con contestuale addebito della carta di credito.<br> <\/p><p><strong>Klarna PayNow Addebito diretto<\/strong><br>Successivamente ad una positiva analisi di solvibilit\u00e0 e di un controllo del suo indirizzo, durante il procedimento di acquisto lei autorizza un ordine di pagamento attraverso un addebito diretto SEPA nel suo conto corrente a favore di Klarna PayNow. Klarna PayNow, a sua volta, la informer\u00e0 sulla data di addebito diretto nel suo conto corrente attraverso un preavviso (c.d. pre notificazione). Con l&#8217;ordine di addebito diretto, Klarna PayNow chiede alla sua banca di disporre il pagamento. La transazione viene eseguita automaticamente e sar\u00e0 addebit\u00e0 nel suo conto corrente prima dell&#8217;invio del prodotto acquistato. Per la gestione dei pagamenti con Klarna PayNow si deve avere a riguardo, quale complemento alle nostre Condizioni Generali, alle Condizioni Generali e all&#8217;Informativa sulla privacy della stessa Klarna PayNow. Potr\u00e0 trovare ulteriori informazioni durante il processo di acquisto.<\/p> <p><strong>PayPal<\/strong><br>Durante il processo dell\u2019ordine verr\u00e0 reindirizzato al sito del fornitore online PayPal. Per poter pagare l&#8217;importo tramite PayPal, deve essere registrato presso il fornitore ovvero registrarsi prima, autenticarsi con i propri dati di accesso e confermare il mandato di pagamento a nostro favore. Dopo la conclusione dell&#8217;ordine inviteremo PayPal ad avviare l&#8217;operazione di pagamento.<br> Subito dopo, l&#8217;operazione di pagamento viene eseguita da parte di Paypal in automatico. Ulteriori indicazioni sono rinvenibili all&#8217;interno del processo d&#8217;ordine.<br> <\/p><p><strong>Sofort by Klarna<\/strong><br>Dopo la conclusione dell&#8217;ordine si viene reindirizzato al sito web del fornitore online Sofort GmbH. Per poter pagare l&#8217;importo tramite Sofort, lei deve disporre di un conto bancario abilitato all&#8217;online banking, e confermare, previa la sua autenticazione, il mandato di pagamento a nostro favore. Ulteriori indicazioni sono rinvenibili all&#8217;interno del processo d&#8217;ordine. L&#8217;operazione di pagamento viene effettuata subito dopo da parte di Sofort con contestuale addebito sul suo conto corrente.<br><\/p> <p><strong>Pagamento previa fattura tramite Klarna<\/strong><br \/> In cooperazione con Klarna AB (www.klarna.de), Sveav&auml;gen 46, Stoccolma, Svezia, le offriamo l&#39;opzione di pagamento previa fattura. Si noti che fattura tramite Klarna &egrave; disponibile solo per consumatori e che il pagamento dovr&agrave; sempre avvenire a favore di Klarna. Con il servizio &quot;pagamento previa fattura tramite Klarna&quot;, potr&agrave; sempre prendere in consegna prima la merce disponendo pur sempre di un termine di pagamento pari a 14 giorni. Le condizioni generali relativi all&#39;acquisto previa fattura trova per esteso su: <a href=\"http:\/\/cdn.klarna.com\/1.0\/shared\/content\/legal\/terms\/EID\/en_de\/invoice?fee=0\" target=\"_blank\" rel=\"noopener\">https:\/\/cdn.klarna.com\/1.0\/shared\/content\/legal\/terms\/EID\/en_de\/invoice?fee=0<\/a>.<\/p> <p><strong>Pagamento in contanti in occasione del ritiro<\/strong><br>L&#8217;importo deve essere pagato in contanti al momento del ritiro della merce.<\/p> <h2>6.&nbsp;Diritto di recesso<\/h2> <p>Lei gode del diritto di recesso cos&igrave; come specificato nell&#39;informativa sul diritto di recesso.<\/p> <h2>7.&nbsp;Riserva di propriet\u00e0<\/h2> <p>La merce resta di nostra propriet\u00e0 fino al pagamento completo.<br>Per professionisti vale a titolo integrativo quanto segue: ci riserviamo la propriet\u00e0 della merce fino all\u2019integrale pagamento di tutti i crediti derivanti dal rapporto commerciale attualmente in corso. Si concede la facolt\u00e0 di rivendere la merce sottoposta a riservato dominio nell&#8217;ambito dell&#8217;attivit\u00e0 aziendale ordinaria; a prescindere dall&#8217;eventuale unione o commistione della merce sottoposta a riservato dominio, tutti i crediti derivanti dalla predetta vendita si considerano essere ceduti pari all&#8217;importo effettivo fatturato e questa cessione viene accetta da noi. Lei rimane pur sempre autorizzato a riscuotere i crediti, tuttavia anche noi possiamo riscuotere i crediti, purch\u00e9 lei si riveli essere inadempiente nei nostri confronti.<br><\/p> <h2>8.&nbsp;Danni da trasporto<\/h2> <p>Per i consumatori vale quanto segue: Qualora le merci vengano consegnate con evidenti danni di trasporto, si prega di segnalare questo fatto senza indugio al corriere e di contattarci immediatamente. L&#8217;eventuale inerzia del consumatore al riguardo non incide in alcun modo sull&#8217;applicabilit\u00e0 o sull&#8217;esercizio dei suoi diritti previsti per legge, n\u00e9 in particolare, sulla garanzia di conformit\u00e0. Tuttavia, la segnalazione immediata del consumatore ci aiuta a poter far valere le nostre pretese nei confronti dell&#8217;impresa di trasporto e\/o nei confronti dell\u2019assicurazione di trasporto.<br><\/p> <h2>9.&nbsp;Garanzia legale di conformit\u00e0 e garanzie commerciali<\/h2> <p>Si applica la garanzia legale di conformit\u00e0 cosi come prevista per legge. Per verificare la presenza di ulteriori garanzie commerciali e le relative condizioni applicabili, si rinvia alla pagina o scheda dei prodotti ossia alle apposite pagine informative.<br><\/p> <p>Salvo diverso accordo esplicito tra le parti convenuto per iscritto, si applica la garanzia legale di conformit\u00e0 prevista per legge.<br>Nel caso di merce usata vale quanto segue: la garanzia legale di conformit\u00e0 \u00e8 esclusa nei casi in cui il vizio si \u00e8 verificato dopo la decorrenza di un anno a partire dalla data di consegna del bene. Vizi insorti entro il periodo di un anno dalla data di consegna del bene, possono essere fatti valere entro il termine legale di decadenza pari a due anni a partire dalla data di consegna del bene.<br>Per imprenditori il periodo di decadenza per far valere vizi riguardanti beni di nuova produzione \u00e8 di un anno a partire dal trasferimento del rischio. Nell\u2019ambito della vendita di beni usati la garanzia \u00e8 assolutamente esclusa. I termini di prescrizione per l&#8217;azione ex \u00a7 445a BGB (Codice Civile tedesco) restano invariati.<br>Nei confronti dei professionisti rientrano nell&#8217;accordo contrattuale solo le nostre indicazioni e le descrizioni del prodotto del fabbricante che sono state inserite nel contratto; decliniamo qualsiasi responsabilit\u00e0 per le dichiarazioni pubbliche del produttore o altri messaggi pubblicitari.<br>Nel caso in cui l&#8217;oggetto fornito sia viziato, garantiamo a nostra discrezione nei confronti dei professionisti, l&#8217;eliminazione del vizio (ripristino della conformit\u00e0) o la fornitura di un oggetto privo di vizi (sostituzione).<br>Per quanto concerne le pretese risarcitorie derivanti da eventi dannosi che sono stati causati da noi oppure dai nostri rappresentanti legali o ausiliari, rispondiamo senza i limiti sopra esposti:<br>\u2022 in caso di lesione potenzialmente letale, fisica o pregiudicante la salute umana<br>\u2022 in caso di inadempienza per dolo o colpa grave o dolo<br>\u2022 in caso di violazione degli obblighi contrattuali essenziali, il cui adempimento si rivela indispensabile per la esecuzione ordinaria delle prestazioni contrattuali e all&#8217;adempimento dei quali il contraente pu\u00f2 legittimamente affidarsi<br>\u2022 nell&#8217;ambito di una promessa di garanzia, se concordata oppure<br>\u2022 nella misura in cui si prospetti l&#8217;ambito di applicazione della legge sulla responsabilit\u00e0 per danno da prodotti.<br>Per verificare la presenza di ulteriori garanzie commerciali aggiuntive e le relative condizioni applicabili, pu\u00f2 consultare la pagina o scheda dei prodotti ossia le apposite pagine informative.<br><\/p> <p>Servizio clienti: Sie erreichen unseren Kundendienst f\u00fcr Fragen, Reklamationen und Beanstandungen werktags von bis unter der Telefonnummer 43 2245 22885 sowie per E-Mail unter info@oeklo.at<\/p> <h2>10.&nbsp;Responsabilit\u00e0<\/h2> <p>Fatte salve le norme imperative e cogenti nell&#8217;ambito di responsabilit\u00e0, rispondiamo illimitatamente per danni causati da noi, dai nostri rappresentanti legali ossia dai nostri ausiliari purch\u00e9 tali abbiano per oggetto:<br>\u2022 in caso di lesioni potenzialmente letali, fisiche o pregiudicanti la salute umana;<br>\u2022 in caso di inadempimento per dolo o per colpa grave;<br>\u2022 in caso di promesse di garanzia, se concordate;<br>\u2022 nella misura in cui si prospetti l&#8217;ambito di applicazione della legge sulla responsabilit\u00e0 per danno da prodotti.<\/p><p>In caso di violazione degli obblighi contrattuali sostanziali, il cui adempimento si rivela strumentale all&#8217;esecuzione conforme del contratto(cd. Kardinalspflichten) e nel cui rispetto la parte contraente pu\u00f2 regolarmente confidare a causa di una negligenza lieve da parte nostra, dei nostri rappresentanti legali o ausiliari, la responsabilit\u00e0 \u00e8 limitata ai danni prevedibili al momento della conclusione del contratto, prevedibilit\u00e0 vertente su quei danni che si possono legittimamente aspettare nell\u2019ambito di un evoluzione storica e tipica degli eventi.<br><\/p> <h2>11.&nbsp;Codice di condotta<\/h2> <p>Ci siamo assoggettati ai seguenti codici di condotta:<\/p> <p>Trusted Shops (<a data-cke-saved-href=\"https:\/\/www.trustedshops.com\/tsdocument\/TS_QUALITY_CRITERIA_it.pdf\" href=\"https:\/\/www.trustedshops.com\/tsdocument\/TS_QUALITY_CRITERIA_it.pdf\" target=\"_blank\" rel=\"noopener\">https:\/\/www.trustedshops.com\/tsdocument\/TS_QUALITY_CRITERIA_it.pdf<\/a>)<br><\/p> <h2>12.&nbsp;Risoluzione delle controversie<\/h2> <p>La Commissione Europea fornisce una piattaforma online per la risoluzione delle controversie, che pu\u00f2 trovare sul seguente sito <a data-cke-saved-href=\"https:\/\/ec.europa.eu\/consumers\/odr\/\" href=\"https:\/\/ec.europa.eu\/consumers\/odr\/\" target=\"_blank\" rel=\"noopener\">https:\/\/ec.europa.eu\/consumers\/odr\/<\/a>.<br> Siamo disposti a partecipare ad un procedimento di risoluzione delle controversie dinanzi un organismo di risoluzione delle controversie di consumo. <\/p><h2>13.&nbsp;Disposizioni finali<\/h2> <p>Qualora lei rivesta la qualifca di un professionista, si applica il diritto tedesco, in disapplicazione della Convenzione sulla Vendita Internazionale di beni di data 11 aprile 1980 (CISG).<br><\/p> <p>Se lei &egrave; un operatore commerciale ai sensi del Codice del Commercio tedesco (HGB), una persona giuridica di diritto pubblico o un fondo speciale di diritto pubblico, il foro competente esclusivo per tutte le controversie derivanti da rapporti contrattuali tra noi e lei &egrave; la nostra sede legale.<\/p> <br><p><i><a target=\"_blank\" title=\"AGB\" href=\"https:\/\/shop.trustedshops.com\/de\/rechtstexte\/\" rel=\"noopener\">AGB<\/a> erstellt mit dem <a target=\"_blank\" title=\"Trusted Shops\" href=\"https:\/\/shop.trustedshops.com\/de\/\" rel=\"noopener\">Trusted Shops<\/a> Rechtstexter in Kooperation mit <a target=\"_blank\" title=\"F\u00d6HLISCH Rechtsanw\u00e4lte\" href=\"https:\/\/foehlisch.com\" rel=\"nofollow noopener\">F\u00d6HLISCH Rechtsanw\u00e4lte<\/a>.<\/i><\/p>\t\t\t\t\t<\/div>\n\t\t\t\t\t\t<\/div>\n\t\t\t\t<\/div>\n\t\t\t\t\t\t<\/div>\n\t\t\t\t\t<\/div>\n\t\t<\/div>\n\t\t\t\t\t\t\t\t<\/div>\n\t\t\t\t\t<\/div>\n\t\t<\/section>\n\t\t\t\t\t\t<\/div>\n\t\t\t\t\t\t<\/div>\n\t\t\t\t\t<\/div>\n\t\t","protected":false},"excerpt":{"rendered":"<p>Condizioni generali di vendita 1.&nbsp;Ambito di applicazione Per tutti gli ordini effettuati attraverso nel nostro negozio online da parte di consumatori e professionisti si applicano le seguenti condizioni generali di contratto. \u00c8 consumatore la persona fisica che agisce per scopi estranei all&#8217;attivit\u00e0 imprenditoriale, commerciale, artigianale o professionale eventualmente svolta. \u00c8 professionista la persona fisica o [&hellip;]<\/p>\n","protected":false},"author":1,"featured_media":0,"parent":0,"menu_order":15,"comment_status":"closed","ping_status":"closed","template":"","meta":[],"_links":{"self":[{"href":"https:\/\/legacy.oeklo.at\/it\/wp-json\/wp\/v2\/pages\/11599"}],"collection":[{"href":"https:\/\/legacy.oeklo.at\/it\/wp-json\/wp\/v2\/pages"}],"about":[{"href":"https:\/\/legacy.oeklo.at\/it\/wp-json\/wp\/v2\/types\/page"}],"author":[{"embeddable":true,"href":"https:\/\/legacy.oeklo.at\/it\/wp-json\/wp\/v2\/users\/1"}],"replies":[{"embeddable":true,"href":"https:\/\/legacy.oeklo.at\/it\/wp-json\/wp\/v2\/comments?post=11599"}],"version-history":[{"count":0,"href":"https:\/\/legacy.oeklo.at\/it\/wp-json\/wp\/v2\/pages\/11599\/revisions"}],"wp:attachment":[{"href":"https:\/\/legacy.oeklo.at\/it\/wp-json\/wp\/v2\/media?parent=11599"}],"curies":[{"name":"wp","href":"https:\/\/api.w.org\/{rel}","templated":true}]}}