{"id":11603,"date":"2020-09-25T12:04:31","date_gmt":"2020-09-25T12:04:31","guid":{"rendered":"https:\/\/staging.oeklo.at\/?page_id=11603"},"modified":"2021-01-22T17:46:28","modified_gmt":"2021-01-22T17:46:28","slug":"widerruf","status":"publish","type":"page","link":"https:\/\/legacy.oeklo.at\/it\/widerruf","title":{"rendered":"14-WIDERRUF-IT"},"content":{"rendered":"\t\t<div data-elementor-type=\"wp-page\" data-elementor-id=\"11603\" class=\"elementor elementor-11603\" data-elementor-settings=\"[]\">\n\t\t\t\t\t\t<div class=\"elementor-inner\">\n\t\t\t\t\t\t\t<div class=\"elementor-section-wrap\">\n\t\t\t\t\t\t\t<section class=\"ob-is-breaking-bad elementor-section elementor-top-section elementor-element elementor-element-61e486d elementor-section-height-min-height elementor-section-boxed elementor-section-height-default elementor-section-items-middle\" data-id=\"61e486d\" data-element_type=\"section\" data-settings=\"{&quot;background_background&quot;:&quot;classic&quot;,&quot;_ob_bbad_use_it&quot;:&quot;yes&quot;,&quot;_ob_bbad_sssic_use&quot;:&quot;no&quot;,&quot;_ob_glider_is_slider&quot;:&quot;no&quot;,&quot;jet_parallax_layout_list&quot;:[]}\">\n\t\t\t\t\t\t<div class=\"elementor-container elementor-column-gap-default\">\n\t\t\t\t\t\t\t<div class=\"elementor-row\">\n\t\t\t\t\t<div class=\"elementor-column elementor-col-100 elementor-top-column elementor-element elementor-element-aaf1ee4\" data-id=\"aaf1ee4\" data-element_type=\"column\" data-settings=\"{&quot;_ob_bbad_is_stalker&quot;:&quot;no&quot;,&quot;_ob_teleporter_use&quot;:false,&quot;_ob_column_hoveranimator&quot;:&quot;no&quot;,&quot;_ob_column_has_pseudo&quot;:&quot;no&quot;}\">\n\t\t\t<div class=\"elementor-column-wrap\">\n\t\t\t\t\t\t\t<div class=\"elementor-widget-wrap\">\n\t\t\t\t\t\t\t\t<\/div>\n\t\t\t\t\t<\/div>\n\t\t<\/div>\n\t\t\t\t\t\t\t\t<\/div>\n\t\t\t\t\t<\/div>\n\t\t<\/section>\n\t\t\t\t<section class=\"ob-is-breaking-bad elementor-section elementor-top-section elementor-element elementor-element-5e6a085 elementor-section-boxed elementor-section-height-default elementor-section-height-default\" data-id=\"5e6a085\" data-element_type=\"section\" data-settings=\"{&quot;_ob_bbad_use_it&quot;:&quot;yes&quot;,&quot;_ob_bbad_sssic_use&quot;:&quot;no&quot;,&quot;_ob_glider_is_slider&quot;:&quot;no&quot;,&quot;jet_parallax_layout_list&quot;:[]}\">\n\t\t\t\t\t\t<div class=\"elementor-container elementor-column-gap-default\">\n\t\t\t\t\t\t\t<div class=\"elementor-row\">\n\t\t\t\t\t<div class=\"elementor-column elementor-col-100 elementor-top-column elementor-element elementor-element-308a936\" data-id=\"308a936\" data-element_type=\"column\" data-settings=\"{&quot;_ob_bbad_is_stalker&quot;:&quot;no&quot;,&quot;_ob_teleporter_use&quot;:false,&quot;_ob_column_hoveranimator&quot;:&quot;no&quot;,&quot;_ob_column_has_pseudo&quot;:&quot;no&quot;}\">\n\t\t\t<div class=\"elementor-column-wrap elementor-element-populated\">\n\t\t\t\t\t\t\t<div class=\"elementor-widget-wrap\">\n\t\t\t\t\t\t<div class=\"elementor-element elementor-element-ccf22b4 ob-harakiri-inherit ob-has-background-overlay elementor-widget elementor-widget-text-editor\" data-id=\"ccf22b4\" data-element_type=\"widget\" data-settings=\"{&quot;_ob_harakiri_writing_mode&quot;:&quot;inherit&quot;,&quot;_ob_perspektive_use&quot;:&quot;no&quot;,&quot;_ob_poopart_use&quot;:&quot;yes&quot;,&quot;_ob_shadough_use&quot;:&quot;no&quot;,&quot;_ob_allow_hoveranimator&quot;:&quot;no&quot;,&quot;_ob_widget_stalker_use&quot;:&quot;no&quot;}\" data-widget_type=\"text-editor.default\">\n\t\t\t\t<div class=\"elementor-widget-container\">\n\t\t\t\t\t\t\t\t<div class=\"elementor-text-editor elementor-clearfix\">\n\t\t\t\t<p><strong>Istruzioni tipo sul recesso&nbsp;<\/strong><\/p> <p>I consumatori hanno un diritto di recesso di quattordici giorni.<\/p> <p><strong>Diritto di recesso<\/strong><br>Lei ha il diritto di recedere dal contratto, senza indicarne le ragioni, entro  quattordici giorni.  Il periodo di recesso scade dopo  quattordici giorni  dal giorno in cui Lei o un terzo, diverso dal vettore da Lei designato, acquisisce il possesso fisico dei beni.<br> <\/p><p>Per esercitare il diritto di recesso, Lei \u00e8 tenuto a informarci (\u00f6Klo GmbH, Bahnstra\u00dfe 83a, 2120 Wolkersdorf, \u00d6sterreich, info@oeklo.at, telefono: 03224522885) della sua decisione di recedere dal presente contratto tramite una dichiarazione esplicita (ad esempio lettera inviata per posta, fax o posta elettronica). A tal fine pu\u00f2 utilizzare il modulo tipo di recesso allegato, ma non \u00e8 obbligatorio.<br> <\/p><p>Per rispettare il termine di recesso, \u00e8 sufficiente che Lei invii la comunicazione relativa all&#8217;esercizio del diritto di recesso prima della scadenza del periodo di recesso. <br><br><strong>Effetti del recesso <\/strong><br>Se Lei recede dal presente contratto, Le saranno rimborsati tutti i pagamenti che ha effettuato a nostro favore, compresi i costi di consegna (ad eccezione dei costi supplementari derivanti dalla Sua eventuale scelta di un tipo di consegna diverso dal tipo meno costoso di consegna standard da noi offerto), senza indebito ritardo e in ogni caso non oltre 14 giorni dal giorno in cui siamo informati della Sua decisione di recedere dal presente contratto. Detti rimborsi saranno effettuati utilizzando lo stesso mezzo di pagamento da Lei usato per la transazione iniziale, salvo che Lei non abbia espressamente convenuto altrimenti; in ogni caso, non dovr\u00e0 sostenere alcun costo quale conseguenza di tale rimborso. <br> Il rimborso pu\u00f2 essere sospeso fino al ricevimento dei beni oppure fino all\u2019avvenuta dimostrazione da parte del consumatore di aver rispedito i beni, se precedente.<br> <\/p><p>\u00c8 pregato di rispedire i beni o di consegnarli a noi, senza indebiti ritardi e in ogni caso entro 14 giorni dal giorno in cui ci ha comunicato il suo recesso dal presente contratto. Il termine \u00e8 rispettato se Lei rispedisce i beni prima della scadenza del periodo di 14 giorni.<br> I costi diretti della restituzione dei beni saranno a Suo carico. Per i beni che, per loro natura, non possono essere normalmente restituiti a mezzo posta, questi costi sono stimati essere pari a 250 EUR.<br> Lei \u00e8 responsabile solo della diminuzione del valore dei beni risultante da una manipolazione del bene diversa da quella necessaria per stabilire la natura, le caratteristiche e il funzionamento dei beni.<br> <\/p><table style=\"width:100%\" cellspacing=\"1\" cellpadding=\"1\" border=\"1\"><tbody><tr><td><p><strong>Modulo di recesso tipo<\/strong><\/p><p><em>(compilare e restituire il presente modulo solo se si desidera recedere dal contratto)<\/em><\/p><p>&#8211; Destinatario \u00f6Klo GmbH, Bahnstra\u00dfe 83a, Wolkersdorf, \u00d6sterreich, info@oeklo.at<\/p><p>&#8211; Con la presente io\/noi (*) notifichiamo il recesso dal mio\/nostro (*) contratto di vendita dei seguenti beni\/servizi (*)<\/p><p>&#8211; Ordinato il (*)\/ricevuto il (*)<\/p><p>&#8211; Nome del\/dei consumatore(i)<\/p><p>&#8211; Indirizzo del\/dei consumatore(i)<\/p><p>&#8211; Firma del\/dei consumatore(i) (solo se il presente modulo e&#8217; notificato in versione cartacea)<\/p><p>&#8211; Data<\/p><p><em>(*) Cancellare la dicitura inutile.<\/em><br><\/p><\/td><\/tr><\/tbody><\/table> <p><strong>Questioni specifiche<\/strong><br>Qualora Lei finanzia questo contratto mediante un contratto accessorio di mutuo e poi revochi il contratto principale, non sar\u00e0 pi\u00f9 vincolato al contratto di finanziamento purch\u00e9 entrambi i contratti costituiscano un prodotto unitario in termini commerciali. In particolare, viene presunta la presenza di un prodotto unitario in termini commerciali, nel caso fossimo noi stessi il suo finanziatore oppure qualora il suo finanziatore si avvalga della nostra collaborazione per il finanziamento. Qualora il prestito sia gi\u00e0 stato erogato e da noi incassato all\u2019entrata in vigore del recesso, il suo finanziatore vi subentra, rispetto alle conseguenze del recesso o reso, nella nostra posizione giuridica ossia in tutti i diritti e gli obblighi di cui al contratto finanziato. Quest\u2019ultimo aspetto non si applica qualora il contratto in questione abbia per oggetto l\u2019acquisto di strumenti finanziari (ad esempio, titoli, valute estere o derivati).<\/p><p>Qualora voglia evitare, l&#8217;istaurazione di un vincolo contrattuale troppo restrittivo, potr\u00e0 utilizzare il suo diritto di recesso revocando il contratto di finanziamento, a condizione che si goda, nel caso concreto, di un diritto di recesso anche rispetto ad esso.<br><\/p> <br><p><i><a target=\"_blank\" title=\"Widerrufsbelehrung\" href=\"https:\/\/shop.trustedshops.com\/de\/rechtstexte\/\" rel=\"noopener\">Widerrufsbelehrung<\/a> erstellt mit dem <a target=\"_blank\" title=\"Trusted Shops\" href=\"https:\/\/shop.trustedshops.com\/de\/\" rel=\"noopener\">Trusted Shops<\/a> Rechtstexter in Kooperation mit <a target=\"_blank\" title=\"F\u00d6HLISCH Rechtsanw\u00e4lte\" href=\"https:\/\/foehlisch.com\" rel=\"nofollow noopener\">F\u00d6HLISCH Rechtsanw\u00e4lte<\/a>.<\/i><\/p>\t\t\t\t\t<\/div>\n\t\t\t\t\t\t<\/div>\n\t\t\t\t<\/div>\n\t\t\t\t\t\t<\/div>\n\t\t\t\t\t<\/div>\n\t\t<\/div>\n\t\t\t\t\t\t\t\t<\/div>\n\t\t\t\t\t<\/div>\n\t\t<\/section>\n\t\t\t\t\t\t<\/div>\n\t\t\t\t\t\t<\/div>\n\t\t\t\t\t<\/div>\n\t\t","protected":false},"excerpt":{"rendered":"<p>Istruzioni tipo sul recesso&nbsp; I consumatori hanno un diritto di recesso di quattordici giorni. Diritto di recessoLei ha il diritto di recedere dal contratto, senza indicarne le ragioni, entro quattordici giorni. Il periodo di recesso scade dopo quattordici giorni dal giorno in cui Lei o un terzo, diverso dal vettore da Lei designato, acquisisce il [&hellip;]<\/p>\n","protected":false},"author":1,"featured_media":0,"parent":0,"menu_order":22,"comment_status":"closed","ping_status":"closed","template":"","meta":[],"_links":{"self":[{"href":"https:\/\/legacy.oeklo.at\/it\/wp-json\/wp\/v2\/pages\/11603"}],"collection":[{"href":"https:\/\/legacy.oeklo.at\/it\/wp-json\/wp\/v2\/pages"}],"about":[{"href":"https:\/\/legacy.oeklo.at\/it\/wp-json\/wp\/v2\/types\/page"}],"author":[{"embeddable":true,"href":"https:\/\/legacy.oeklo.at\/it\/wp-json\/wp\/v2\/users\/1"}],"replies":[{"embeddable":true,"href":"https:\/\/legacy.oeklo.at\/it\/wp-json\/wp\/v2\/comments?post=11603"}],"version-history":[{"count":0,"href":"https:\/\/legacy.oeklo.at\/it\/wp-json\/wp\/v2\/pages\/11603\/revisions"}],"wp:attachment":[{"href":"https:\/\/legacy.oeklo.at\/it\/wp-json\/wp\/v2\/media?parent=11603"}],"curies":[{"name":"wp","href":"https:\/\/api.w.org\/{rel}","templated":true}]}}