{"id":9256,"date":"2020-04-28T11:46:44","date_gmt":"2020-04-28T11:46:44","guid":{"rendered":"https:\/\/staging.oeklo.at\/produkt\/oeklo-mini\/"},"modified":"2021-01-22T18:42:28","modified_gmt":"2021-01-22T18:42:28","slug":"oeklo-mini","status":"publish","type":"product","link":"https:\/\/legacy.oeklo.at\/it\/prodotto\/oeklo-mini","title":{"rendered":"\u00f6Klo Mini"},"content":{"rendered":"<p>Ein K\u00fcbel reicht f\u00fcr ca. <strong>75\u00a0Klog\u00e4nge<\/strong><\/p>\n<ul>\n<li>1\u00a0K\u00fcbel (30 Liter)<\/li>\n<li>Toilettensitz<\/li>\n<li>leicht transportierbar<\/li>\n<li>wetterfest und feuchtigkeitsbest\u00e4ndig<\/li>\n<li>geruchsfrei und pflegeleichtbraucht kein Strom oder Wasseranschluss<\/li>\n<li>Trocken &amp; ohne Wassersp\u00fclung<\/li>\n<li>Geruchsneutral f\u00fcr Menschen &amp; Tiere<\/li>\n<li>Hart, wetterfest &amp; total stabil<\/li>\n<li>Weltweit einsetzbar, ohne Verschmutzung<\/li>\n<li>Leichte &amp; sehr gute Reinigung<\/li>\n<li>Nachhaltig &amp; ohne Chemie<\/li>\n<li>Echtes Holz aus \u00d6sterreich<\/li>\n<\/ul>\n","protected":false},"excerpt":{"rendered":"<p>Ein K\u00fcbel reicht f\u00fcr ca. 75\u00a0Klog\u00e4nge 1\u00a0K\u00fcbel (30 Liter) Toilettensitz leicht transportierbar wetterfest und feuchtigkeitsbest\u00e4ndig geruchsfrei und pflegeleichtbraucht kein Strom oder Wasseranschluss Trocken &amp; ohne Wassersp\u00fclung Geruchsneutral f\u00fcr Menschen &amp; Tiere Hart, wetterfest &amp; total stabil Weltweit einsetzbar, ohne Verschmutzung Leichte &amp; sehr gute Reinigung Nachhaltig &amp; ohne Chemie Echtes Holz aus \u00d6sterreich<\/p>\n","protected":false},"featured_media":26941,"template":"","meta":[],"product_cat":[138,142],"product_tag":[],"_links":{"self":[{"href":"https:\/\/legacy.oeklo.at\/it\/wp-json\/wp\/v2\/product\/9256"}],"collection":[{"href":"https:\/\/legacy.oeklo.at\/it\/wp-json\/wp\/v2\/product"}],"about":[{"href":"https:\/\/legacy.oeklo.at\/it\/wp-json\/wp\/v2\/types\/product"}],"version-history":[{"count":0,"href":"https:\/\/legacy.oeklo.at\/it\/wp-json\/wp\/v2\/product\/9256\/revisions"}],"wp:featuredmedia":[{"embeddable":true,"href":"https:\/\/legacy.oeklo.at\/it\/wp-json\/wp\/v2\/media\/26941"}],"wp:attachment":[{"href":"https:\/\/legacy.oeklo.at\/it\/wp-json\/wp\/v2\/media?parent=9256"}],"wp:term":[{"taxonomy":"product_cat","embeddable":true,"href":"https:\/\/legacy.oeklo.at\/it\/wp-json\/wp\/v2\/product_cat?post=9256"},{"taxonomy":"product_tag","embeddable":true,"href":"https:\/\/legacy.oeklo.at\/it\/wp-json\/wp\/v2\/product_tag?post=9256"}],"curies":[{"name":"wp","href":"https:\/\/api.w.org\/{rel}","templated":true}]}}