{"id":9270,"date":"2020-04-27T13:09:13","date_gmt":"2020-04-27T13:09:13","guid":{"rendered":"https:\/\/staging.oeklo.at\/produkt\/oekloklassik\/"},"modified":"2021-01-22T18:38:21","modified_gmt":"2021-01-22T18:38:21","slug":"oeklo-classico","status":"publish","type":"product","link":"https:\/\/legacy.oeklo.at\/it\/prodotto\/oeklo-classico","title":{"rendered":"\u00f6Klo Classico"},"content":{"rendered":"","protected":false},"excerpt":{"rendered":"<p>Eine nachhaltig gebaute Toilettenkabine aus Holz, mit zwei 60L F\u00e4ssern, die sich unter der Toilettenkabine befinden. Insgesamt f\u00fcr bis zu 300 Toiletteng\u00e4nge gewappnet.<\/p>\n","protected":false},"featured_media":27229,"template":"","meta":[],"product_cat":[140,138],"product_tag":[],"_links":{"self":[{"href":"https:\/\/legacy.oeklo.at\/it\/wp-json\/wp\/v2\/product\/9270"}],"collection":[{"href":"https:\/\/legacy.oeklo.at\/it\/wp-json\/wp\/v2\/product"}],"about":[{"href":"https:\/\/legacy.oeklo.at\/it\/wp-json\/wp\/v2\/types\/product"}],"version-history":[{"count":0,"href":"https:\/\/legacy.oeklo.at\/it\/wp-json\/wp\/v2\/product\/9270\/revisions"}],"wp:featuredmedia":[{"embeddable":true,"href":"https:\/\/legacy.oeklo.at\/it\/wp-json\/wp\/v2\/media\/27229"}],"wp:attachment":[{"href":"https:\/\/legacy.oeklo.at\/it\/wp-json\/wp\/v2\/media?parent=9270"}],"wp:term":[{"taxonomy":"product_cat","embeddable":true,"href":"https:\/\/legacy.oeklo.at\/it\/wp-json\/wp\/v2\/product_cat?post=9270"},{"taxonomy":"product_tag","embeddable":true,"href":"https:\/\/legacy.oeklo.at\/it\/wp-json\/wp\/v2\/product_tag?post=9270"}],"curies":[{"name":"wp","href":"https:\/\/api.w.org\/{rel}","templated":true}]}}